{"id":44,"date":"2025-05-27T20:18:57","date_gmt":"2025-05-27T17:18:57","guid":{"rendered":"https:\/\/akmanbakim.com\/?page_id=44"},"modified":"2025-05-27T23:13:36","modified_gmt":"2025-05-27T20:13:36","slug":"duyrular","status":"publish","type":"page","link":"https:\/\/akmanbakim.com\/index.php\/duyrular\/","title":{"rendered":"Duyrular"},"content":{"rendered":"\t\t<div data-elementor-type=\"wp-page\" data-elementor-id=\"44\" class=\"elementor elementor-44\">\n\t\t\t\t<div class=\"elementor-element elementor-element-f62deb6 e-grid e-con-boxed e-con e-parent\" data-id=\"f62deb6\" data-element_type=\"container\">\n\t\t\t\t\t<div class=\"e-con-inner\">\n\t\t\t\t<div class=\"elementor-element elementor-element-589ec0b elementor-widget elementor-widget-text-editor\" data-id=\"589ec0b\" data-element_type=\"widget\" data-widget_type=\"text-editor.default\">\n\t\t\t\t<div class=\"elementor-widget-container\">\n\t\t\t\t\t\t\t\t\t<h2><strong>\u00d6zel Akman Bak\u0131m Merkezi Ziyaret G\u00fcnleri<\/strong><\/h2>\t\t\t\t\t\t\t\t<\/div>\n\t\t\t\t<\/div>\n\t\t\t\t<div class=\"elementor-element elementor-element-11c2d0e elementor-widget elementor-widget-text-editor\" data-id=\"11c2d0e\" data-element_type=\"widget\" data-widget_type=\"text-editor.default\">\n\t\t\t\t<div class=\"elementor-widget-container\">\n\t\t\t\t\t\t\t\t\t<h4>Cumartesi ve Pazar g\u00fcn\u00fc<\/h4><p><strong>09:00-12:00<\/strong><\/p><p><strong>13:00-15:00<\/strong><\/p><ul><li>Ziyaretler \u00f6nceden telefon ile randevu al\u0131narak yap\u0131lmaktad\u0131r.<\/li><\/ul>\t\t\t\t\t\t\t\t<\/div>\n\t\t\t\t<\/div>\n\t\t\t\t\t<\/div>\n\t\t\t\t<\/div>\n\t\t<div class=\"elementor-element elementor-element-7912431 e-grid e-con-boxed e-con e-parent\" data-id=\"7912431\" data-element_type=\"container\">\n\t\t\t\t\t<div class=\"e-con-inner\">\n\t\t\t\t<div class=\"elementor-element elementor-element-1fb6b77 elementor-widget elementor-widget-text-editor\" data-id=\"1fb6b77\" data-element_type=\"widget\" data-widget_type=\"text-editor.default\">\n\t\t\t\t<div class=\"elementor-widget-container\">\n\t\t\t\t\t\t\t\t\t<h4>Telefon G\u00f6r\u00fc\u015fme Saatleri<\/h4><ul><li>Acil durumlar d\u0131\u015f\u0131nda herg\u00fcn<\/li><\/ul><p><strong>09:00-12:00<\/strong><\/p><p><strong>13:00-15:00<\/strong><\/p>\t\t\t\t\t\t\t\t<\/div>\n\t\t\t\t<\/div>\n\t\t\t\t\t<\/div>\n\t\t\t\t<\/div>\n\t\t\t\t<\/div>\n\t\t","protected":false},"excerpt":{"rendered":"<p>\u00d6zel Akman Bak\u0131m Merkezi Ziyaret G\u00fcnleri Cumartesi ve Pazar g\u00fcn\u00fc 09:00-12:00 13:00-15:00 Ziyaretler \u00f6nceden telefon ile randevu al\u0131narak yap\u0131lmaktad\u0131r. Telefon G\u00f6r\u00fc\u015fme Saatleri Acil durumlar d\u0131\u015f\u0131nda herg\u00fcn 09:00-12:00 13:00-15:00<\/p>\n","protected":false},"author":1,"featured_media":0,"parent":0,"menu_order":0,"comment_status":"closed","ping_status":"closed","template":"","meta":{"footnotes":""},"class_list":["post-44","page","type-page","status-publish","hentry"],"_links":{"self":[{"href":"https:\/\/akmanbakim.com\/index.php\/wp-json\/wp\/v2\/pages\/44","targetHints":{"allow":["GET"]}}],"collection":[{"href":"https:\/\/akmanbakim.com\/index.php\/wp-json\/wp\/v2\/pages"}],"about":[{"href":"https:\/\/akmanbakim.com\/index.php\/wp-json\/wp\/v2\/types\/page"}],"author":[{"embeddable":true,"href":"https:\/\/akmanbakim.com\/index.php\/wp-json\/wp\/v2\/users\/1"}],"replies":[{"embeddable":true,"href":"https:\/\/akmanbakim.com\/index.php\/wp-json\/wp\/v2\/comments?post=44"}],"version-history":[{"count":16,"href":"https:\/\/akmanbakim.com\/index.php\/wp-json\/wp\/v2\/pages\/44\/revisions"}],"predecessor-version":[{"id":160,"href":"https:\/\/akmanbakim.com\/index.php\/wp-json\/wp\/v2\/pages\/44\/revisions\/160"}],"wp:attachment":[{"href":"https:\/\/akmanbakim.com\/index.php\/wp-json\/wp\/v2\/media?parent=44"}],"curies":[{"name":"wp","href":"https:\/\/api.w.org\/{rel}","templated":true}]}}