{"id":43,"date":"2025-05-27T20:18:57","date_gmt":"2025-05-27T17:18:57","guid":{"rendered":"https:\/\/akmanbakim.com\/?page_id=43"},"modified":"2025-05-27T20:59:32","modified_gmt":"2025-05-27T17:59:32","slug":"galeri","status":"publish","type":"page","link":"https:\/\/akmanbakim.com\/index.php\/galeri\/","title":{"rendered":"Galeri"},"content":{"rendered":"\t\t<div data-elementor-type=\"wp-page\" data-elementor-id=\"43\" class=\"elementor elementor-43\">\n\t\t\t\t<div class=\"elementor-element elementor-element-c9c4475 e-flex e-con-boxed e-con e-parent\" data-id=\"c9c4475\" data-element_type=\"container\">\n\t\t\t\t\t<div class=\"e-con-inner\">\n\t\t\t\t<div class=\"elementor-element elementor-element-3a4c4ec elementor-widget elementor-widget-image\" data-id=\"3a4c4ec\" data-element_type=\"widget\" data-widget_type=\"image.default\">\n\t\t\t\t<div class=\"elementor-widget-container\">\n\t\t\t\t\t\t\t\t\t\t\t\t\t\t\t<img fetchpriority=\"high\" decoding=\"async\" width=\"1024\" height=\"680\" src=\"https:\/\/akmanbakim.com\/wp-content\/uploads\/2025\/05\/akmanbakim1-1024x680.jpg\" class=\"attachment-large size-large wp-image-65\" alt=\"\" srcset=\"https:\/\/akmanbakim.com\/wp-content\/uploads\/2025\/05\/akmanbakim1-1024x680.jpg 1024w, https:\/\/akmanbakim.com\/wp-content\/uploads\/2025\/05\/akmanbakim1-300x199.jpg 300w, https:\/\/akmanbakim.com\/wp-content\/uploads\/2025\/05\/akmanbakim1-768x510.jpg 768w, https:\/\/akmanbakim.com\/wp-content\/uploads\/2025\/05\/akmanbakim1.jpg 1316w\" sizes=\"(max-width: 1024px) 100vw, 1024px\" \/>\t\t\t\t\t\t\t\t\t\t\t\t\t\t\t<\/div>\n\t\t\t\t<\/div>\n\t\t\t\t\t<\/div>\n\t\t\t\t<\/div>\n\t\t<div class=\"elementor-element elementor-element-412b705 e-flex e-con-boxed e-con e-parent\" data-id=\"412b705\" data-element_type=\"container\">\n\t\t\t\t\t<div class=\"e-con-inner\">\n\t\t<div class=\"elementor-element elementor-element-b9f2951 e-con-full e-flex e-con e-child\" data-id=\"b9f2951\" data-element_type=\"container\">\n\t\t\t\t<div class=\"elementor-element elementor-element-84528b8 elementor-widget elementor-widget-image\" data-id=\"84528b8\" data-element_type=\"widget\" data-widget_type=\"image.default\">\n\t\t\t\t<div class=\"elementor-widget-container\">\n\t\t\t\t\t\t\t\t\t\t\t\t\t\t\t<img decoding=\"async\" src=\"https:\/\/akmanbakim.com\/wp-content\/uploads\/elementor\/thumbs\/a41c1de6-2398-48be-ba4c-b9f64ed389f9-r6flru43shjb79oonb71qc6wk5e4tnoiaf9wgkzo20.jpg\" title=\"a41c1de6-2398-48be-ba4c-b9f64ed389f9\" alt=\"a41c1de6-2398-48be-ba4c-b9f64ed389f9\" loading=\"lazy\" \/>\t\t\t\t\t\t\t\t\t\t\t\t\t\t\t<\/div>\n\t\t\t\t<\/div>\n\t\t\t\t<\/div>\n\t\t<div class=\"elementor-element elementor-element-48df2b6 e-con-full e-flex e-con e-child\" data-id=\"48df2b6\" data-element_type=\"container\">\n\t\t\t\t<div class=\"elementor-element elementor-element-3b5f44b elementor-widget elementor-widget-image\" data-id=\"3b5f44b\" data-element_type=\"widget\" data-widget_type=\"image.default\">\n\t\t\t\t<div class=\"elementor-widget-container\">\n\t\t\t\t\t\t\t\t\t\t\t\t\t\t\t<img decoding=\"async\" src=\"https:\/\/akmanbakim.com\/wp-content\/uploads\/elementor\/thumbs\/akmanbakim1-1-r6fq1hsb0hvr4ghme8ahu2akgq184eov2yidpz5sw8.jpg\" title=\"akmanbak\u0131m1\" alt=\"akmanbak\u0131m1\" loading=\"lazy\" \/>\t\t\t\t\t\t\t\t\t\t\t\t\t\t\t<\/div>\n\t\t\t\t<\/div>\n\t\t\t\t<\/div>\n\t\t<div class=\"elementor-element elementor-element-982a98d e-con-full e-flex e-con e-child\" data-id=\"982a98d\" data-element_type=\"container\">\n\t\t\t\t<div class=\"elementor-element elementor-element-030dc6e elementor-widget elementor-widget-image\" data-id=\"030dc6e\" data-element_type=\"widget\" data-widget_type=\"image.default\">\n\t\t\t\t<div class=\"elementor-widget-container\">\n\t\t\t\t\t\t\t\t\t\t\t\t\t\t\t<img decoding=\"async\" src=\"https:\/\/akmanbakim.com\/wp-content\/uploads\/elementor\/thumbs\/akmanbakim1-2-r6fq4t5t4gf62xo815w44q63wnou9yurvdd1o48sy0.jpg\" title=\"akmanbak\u0131m1\" alt=\"akmanbak\u0131m1\" loading=\"lazy\" \/>\t\t\t\t\t\t\t\t\t\t\t\t\t\t\t<\/div>\n\t\t\t\t<\/div>\n\t\t\t\t<\/div>\n\t\t<div class=\"elementor-element elementor-element-5731df0 e-con-full e-flex e-con e-child\" data-id=\"5731df0\" data-element_type=\"container\">\n\t\t\t\t<\/div>\n\t\t<div class=\"elementor-element elementor-element-c092101 e-con-full e-flex e-con e-child\" data-id=\"c092101\" data-element_type=\"container\">\n\t\t\t\t<\/div>\n\t\t<div class=\"elementor-element elementor-element-9cac4e1 e-con-full e-flex e-con e-child\" data-id=\"9cac4e1\" data-element_type=\"container\">\n\t\t\t\t<\/div>\n\t\t\t\t\t<\/div>\n\t\t\t\t<\/div>\n\t\t<div class=\"elementor-element elementor-element-f797710 e-flex e-con-boxed e-con e-parent\" data-id=\"f797710\" data-element_type=\"container\">\n\t\t\t\t\t<div class=\"e-con-inner\">\n\t\t\t\t<div class=\"elementor-element elementor-element-6af9930 elementor-widget elementor-widget-text-editor\" data-id=\"6af9930\" data-element_type=\"widget\" data-widget_type=\"text-editor.default\">\n\t\t\t\t<div class=\"elementor-widget-container\">\n\t\t\t\t\t\t\t\t\t<h1><strong>Sa\u011fl\u0131k Alan\u0131m\u0131z<\/strong><\/h1>\t\t\t\t\t\t\t\t<\/div>\n\t\t\t\t<\/div>\n\t\t\t\t\t<\/div>\n\t\t\t\t<\/div>\n\t\t<div class=\"elementor-element elementor-element-7d642ea e-flex e-con-boxed e-con e-parent\" data-id=\"7d642ea\" data-element_type=\"container\">\n\t\t\t\t\t<div class=\"e-con-inner\">\n\t\t\t\t<div class=\"elementor-element elementor-element-51f2295 elementor-widget elementor-widget-image\" data-id=\"51f2295\" data-element_type=\"widget\" data-widget_type=\"image.default\">\n\t\t\t\t<div class=\"elementor-widget-container\">\n\t\t\t\t\t\t\t\t\t\t\t\t\t\t\t<img decoding=\"async\" width=\"672\" height=\"517\" src=\"https:\/\/akmanbakim.com\/wp-content\/uploads\/2025\/05\/akmanbakim2-1.jpg\" class=\"attachment-large size-large wp-image-73\" alt=\"\" srcset=\"https:\/\/akmanbakim.com\/wp-content\/uploads\/2025\/05\/akmanbakim2-1.jpg 672w, https:\/\/akmanbakim.com\/wp-content\/uploads\/2025\/05\/akmanbakim2-1-300x231.jpg 300w\" sizes=\"(max-width: 672px) 100vw, 672px\" \/>\t\t\t\t\t\t\t\t\t\t\t\t\t\t\t<\/div>\n\t\t\t\t<\/div>\n\t\t\t\t\t<\/div>\n\t\t\t\t<\/div>\n\t\t<div class=\"elementor-element elementor-element-1e7b95c e-flex e-con-boxed e-con e-parent\" data-id=\"1e7b95c\" data-element_type=\"container\">\n\t\t\t\t\t<div class=\"e-con-inner\">\n\t\t\t\t<div class=\"elementor-element elementor-element-80d7759 elementor-widget elementor-widget-text-editor\" data-id=\"80d7759\" data-element_type=\"widget\" data-widget_type=\"text-editor.default\">\n\t\t\t\t<div class=\"elementor-widget-container\">\n\t\t\t\t\t\t\t\t\t<h1>KUAF\u00d6R VE BERBER SALONUMUZ<\/h1>\t\t\t\t\t\t\t\t<\/div>\n\t\t\t\t<\/div>\n\t\t\t\t\t<\/div>\n\t\t\t\t<\/div>\n\t\t<div class=\"elementor-element elementor-element-dc4ddc1 e-flex e-con-boxed e-con e-parent\" data-id=\"dc4ddc1\" data-element_type=\"container\">\n\t\t\t\t\t<div class=\"e-con-inner\">\n\t\t\t\t<div class=\"elementor-element elementor-element-45ea55f elementor-widget elementor-widget-image\" data-id=\"45ea55f\" data-element_type=\"widget\" data-widget_type=\"image.default\">\n\t\t\t\t<div class=\"elementor-widget-container\">\n\t\t\t\t\t\t\t\t\t\t\t\t\t\t\t<img decoding=\"async\" width=\"987\" height=\"482\" src=\"https:\/\/akmanbakim.com\/wp-content\/uploads\/2025\/05\/akmanbakim2-2.jpg\" class=\"attachment-large size-large wp-image-75\" alt=\"\" srcset=\"https:\/\/akmanbakim.com\/wp-content\/uploads\/2025\/05\/akmanbakim2-2.jpg 987w, https:\/\/akmanbakim.com\/wp-content\/uploads\/2025\/05\/akmanbakim2-2-300x147.jpg 300w, https:\/\/akmanbakim.com\/wp-content\/uploads\/2025\/05\/akmanbakim2-2-768x375.jpg 768w\" sizes=\"(max-width: 987px) 100vw, 987px\" \/>\t\t\t\t\t\t\t\t\t\t\t\t\t\t\t<\/div>\n\t\t\t\t<\/div>\n\t\t\t\t\t<\/div>\n\t\t\t\t<\/div>\n\t\t<div class=\"elementor-element elementor-element-5198cb2 e-flex e-con-boxed e-con e-parent\" data-id=\"5198cb2\" data-element_type=\"container\">\n\t\t\t\t\t<div class=\"e-con-inner\">\n\t\t\t\t<div class=\"elementor-element elementor-element-1c0d08d elementor-widget elementor-widget-text-editor\" data-id=\"1c0d08d\" data-element_type=\"widget\" data-widget_type=\"text-editor.default\">\n\t\t\t\t<div class=\"elementor-widget-container\">\n\t\t\t\t\t\t\t\t\t<h1>2024 YILI ETK\u0130NL\u0130KLE\u0130RM\u0130Z<\/h1>\t\t\t\t\t\t\t\t<\/div>\n\t\t\t\t<\/div>\n\t\t\t\t\t<\/div>\n\t\t\t\t<\/div>\n\t\t<div class=\"elementor-element elementor-element-3d78150 e-grid e-con-boxed e-con e-parent\" data-id=\"3d78150\" data-element_type=\"container\">\n\t\t\t\t\t<div class=\"e-con-inner\">\n\t\t\t\t<div class=\"elementor-element elementor-element-6f8e25d elementor-widget elementor-widget-image\" data-id=\"6f8e25d\" data-element_type=\"widget\" data-widget_type=\"image.default\">\n\t\t\t\t<div class=\"elementor-widget-container\">\n\t\t\t\t\t\t\t\t\t\t\t\t\t\t\t<img loading=\"lazy\" decoding=\"async\" width=\"664\" height=\"498\" src=\"https:\/\/akmanbakim.com\/wp-content\/uploads\/2025\/05\/akmanbakim2-3.jpg\" class=\"attachment-large size-large wp-image-79\" alt=\"\" srcset=\"https:\/\/akmanbakim.com\/wp-content\/uploads\/2025\/05\/akmanbakim2-3.jpg 664w, https:\/\/akmanbakim.com\/wp-content\/uploads\/2025\/05\/akmanbakim2-3-300x225.jpg 300w\" sizes=\"(max-width: 664px) 100vw, 664px\" \/>\t\t\t\t\t\t\t\t\t\t\t\t\t\t\t<\/div>\n\t\t\t\t<\/div>\n\t\t\t\t<div class=\"elementor-element elementor-element-de9420c elementor-widget elementor-widget-image\" data-id=\"de9420c\" data-element_type=\"widget\" data-widget_type=\"image.default\">\n\t\t\t\t<div class=\"elementor-widget-container\">\n\t\t\t\t\t\t\t\t\t\t\t\t\t\t\t<img loading=\"lazy\" decoding=\"async\" width=\"666\" height=\"504\" src=\"https:\/\/akmanbakim.com\/wp-content\/uploads\/2025\/05\/akmanbakim1-3.jpg\" class=\"attachment-large size-large wp-image-80\" alt=\"\" srcset=\"https:\/\/akmanbakim.com\/wp-content\/uploads\/2025\/05\/akmanbakim1-3.jpg 666w, https:\/\/akmanbakim.com\/wp-content\/uploads\/2025\/05\/akmanbakim1-3-300x227.jpg 300w\" sizes=\"(max-width: 666px) 100vw, 666px\" \/>\t\t\t\t\t\t\t\t\t\t\t\t\t\t\t<\/div>\n\t\t\t\t<\/div>\n\t\t\t\t\t<\/div>\n\t\t\t\t<\/div>\n\t\t\t\t<\/div>\n\t\t","protected":false},"excerpt":{"rendered":"<p>Sa\u011fl\u0131k Alan\u0131m\u0131z KUAF\u00d6R VE BERBER SALONUMUZ 2024 YILI ETK\u0130NL\u0130KLE\u0130RM\u0130Z<\/p>\n","protected":false},"author":1,"featured_media":0,"parent":0,"menu_order":0,"comment_status":"closed","ping_status":"closed","template":"","meta":{"footnotes":""},"class_list":["post-43","page","type-page","status-publish","hentry"],"_links":{"self":[{"href":"https:\/\/akmanbakim.com\/index.php\/wp-json\/wp\/v2\/pages\/43","targetHints":{"allow":["GET"]}}],"collection":[{"href":"https:\/\/akmanbakim.com\/index.php\/wp-json\/wp\/v2\/pages"}],"about":[{"href":"https:\/\/akmanbakim.com\/index.php\/wp-json\/wp\/v2\/types\/page"}],"author":[{"embeddable":true,"href":"https:\/\/akmanbakim.com\/index.php\/wp-json\/wp\/v2\/users\/1"}],"replies":[{"embeddable":true,"href":"https:\/\/akmanbakim.com\/index.php\/wp-json\/wp\/v2\/comments?post=43"}],"version-history":[{"count":10,"href":"https:\/\/akmanbakim.com\/index.php\/wp-json\/wp\/v2\/pages\/43\/revisions"}],"predecessor-version":[{"id":83,"href":"https:\/\/akmanbakim.com\/index.php\/wp-json\/wp\/v2\/pages\/43\/revisions\/83"}],"wp:attachment":[{"href":"https:\/\/akmanbakim.com\/index.php\/wp-json\/wp\/v2\/media?parent=43"}],"curies":[{"name":"wp","href":"https:\/\/api.w.org\/{rel}","templated":true}]}}