{"id":42,"date":"2025-05-27T20:18:57","date_gmt":"2025-05-27T17:18:57","guid":{"rendered":"https:\/\/akmanbakim.com\/?page_id=42"},"modified":"2025-05-27T23:04:47","modified_gmt":"2025-05-27T20:04:47","slug":"hizmetlerimiz","status":"publish","type":"page","link":"https:\/\/akmanbakim.com\/index.php\/hizmetlerimiz\/","title":{"rendered":"Hizmetlerimiz"},"content":{"rendered":"\t\t<div data-elementor-type=\"wp-page\" data-elementor-id=\"42\" class=\"elementor elementor-42\">\n\t\t\t\t<div class=\"elementor-element elementor-element-d11f879 e-flex e-con-boxed e-con e-parent\" data-id=\"d11f879\" data-element_type=\"container\">\n\t\t\t\t\t<div class=\"e-con-inner\">\n\t\t\t\t<div class=\"elementor-element elementor-element-c23b378 elementor-widget elementor-widget-heading\" data-id=\"c23b378\" data-element_type=\"widget\" data-widget_type=\"heading.default\">\n\t\t\t\t<div class=\"elementor-widget-container\">\n\t\t\t\t\t<h2 class=\"elementor-heading-title elementor-size-default\">Hizmetlerimiz Hakk\u0131nda Detaylar<\/h2>\t\t\t\t<\/div>\n\t\t\t\t<\/div>\n\t\t\t\t\t<\/div>\n\t\t\t\t<\/div>\n\t\t<div class=\"elementor-element elementor-element-1f87cb3 e-flex e-con-boxed e-con e-parent\" data-id=\"1f87cb3\" data-element_type=\"container\">\n\t\t\t\t\t<div class=\"e-con-inner\">\n\t\t<div class=\"elementor-element elementor-element-e87227c e-con-full e-flex e-con e-child\" data-id=\"e87227c\" data-element_type=\"container\">\n\t\t\t\t<div class=\"elementor-element elementor-element-8f8bcab elementor-view-stacked elementor-shape-circle elementor-widget elementor-widget-icon\" data-id=\"8f8bcab\" data-element_type=\"widget\" data-widget_type=\"icon.default\">\n\t\t\t\t<div class=\"elementor-widget-container\">\n\t\t\t\t\t\t\t<div class=\"elementor-icon-wrapper\">\n\t\t\t<div class=\"elementor-icon\">\n\t\t\t<svg aria-hidden=\"true\" class=\"e-font-icon-svg e-fab-apple\" viewBox=\"0 0 384 512\" xmlns=\"http:\/\/www.w3.org\/2000\/svg\"><path d=\"M318.7 268.7c-.2-36.7 16.4-64.4 50-84.8-18.8-26.9-47.2-41.7-84.7-44.6-35.5-2.8-74.3 20.7-88.5 20.7-15 0-49.4-19.7-76.4-19.7C63.3 141.2 4 184.8 4 273.5q0 39.3 14.4 81.2c12.8 36.7 59 126.7 107.2 125.2 25.2-.6 43-17.9 75.8-17.9 31.8 0 48.3 17.9 76.4 17.9 48.6-.7 90.4-82.5 102.6-119.3-65.2-30.7-61.7-90-61.7-91.9zm-56.6-164.2c27.3-32.4 24.8-61.9 24-72.5-24.1 1.4-52 16.4-67.9 34.9-17.5 19.8-27.8 44.3-25.6 71.9 26.1 2 49.9-11.4 69.5-34.3z\"><\/path><\/svg>\t\t\t<\/div>\n\t\t<\/div>\n\t\t\t\t\t\t<\/div>\n\t\t\t\t<\/div>\n\t\t\t\t<\/div>\n\t\t<div class=\"elementor-element elementor-element-b090688 e-con-full e-flex e-con e-child\" data-id=\"b090688\" data-element_type=\"container\">\n\t\t\t\t<div class=\"elementor-element elementor-element-cdc55ab elementor-view-stacked elementor-shape-circle elementor-widget elementor-widget-icon\" data-id=\"cdc55ab\" data-element_type=\"widget\" data-widget_type=\"icon.default\">\n\t\t\t\t<div class=\"elementor-widget-container\">\n\t\t\t\t\t\t\t<div class=\"elementor-icon-wrapper\">\n\t\t\t<div class=\"elementor-icon\">\n\t\t\t<svg aria-hidden=\"true\" class=\"e-font-icon-svg e-fas-heart\" viewBox=\"0 0 512 512\" xmlns=\"http:\/\/www.w3.org\/2000\/svg\"><path d=\"M462.3 62.6C407.5 15.9 326 24.3 275.7 76.2L256 96.5l-19.7-20.3C186.1 24.3 104.5 15.9 49.7 62.6c-62.8 53.6-66.1 149.8-9.9 207.9l193.5 199.8c12.5 12.9 32.8 12.9 45.3 0l193.5-199.8c56.3-58.1 53-154.3-9.8-207.9z\"><\/path><\/svg>\t\t\t<\/div>\n\t\t<\/div>\n\t\t\t\t\t\t<\/div>\n\t\t\t\t<\/div>\n\t\t\t\t<\/div>\n\t\t<div class=\"elementor-element elementor-element-4426603 e-con-full e-flex e-con e-child\" data-id=\"4426603\" data-element_type=\"container\">\n\t\t\t\t<div class=\"elementor-element elementor-element-ad9c0dc elementor-view-stacked elementor-shape-circle elementor-widget elementor-widget-icon\" data-id=\"ad9c0dc\" data-element_type=\"widget\" data-widget_type=\"icon.default\">\n\t\t\t\t<div class=\"elementor-widget-container\">\n\t\t\t\t\t\t\t<div class=\"elementor-icon-wrapper\">\n\t\t\t<div class=\"elementor-icon\">\n\t\t\t<svg aria-hidden=\"true\" class=\"e-font-icon-svg e-fas-bed\" viewBox=\"0 0 640 512\" xmlns=\"http:\/\/www.w3.org\/2000\/svg\"><path d=\"M176 256c44.11 0 80-35.89 80-80s-35.89-80-80-80-80 35.89-80 80 35.89 80 80 80zm352-128H304c-8.84 0-16 7.16-16 16v144H64V80c0-8.84-7.16-16-16-16H16C7.16 64 0 71.16 0 80v352c0 8.84 7.16 16 16 16h32c8.84 0 16-7.16 16-16v-48h512v48c0 8.84 7.16 16 16 16h32c8.84 0 16-7.16 16-16V240c0-61.86-50.14-112-112-112z\"><\/path><\/svg>\t\t\t<\/div>\n\t\t<\/div>\n\t\t\t\t\t\t<\/div>\n\t\t\t\t<\/div>\n\t\t\t\t<\/div>\n\t\t<div class=\"elementor-element elementor-element-6e697d3 e-con-full e-flex e-con e-child\" data-id=\"6e697d3\" data-element_type=\"container\">\n\t\t\t\t<div class=\"elementor-element elementor-element-314fea5 elementor-view-stacked elementor-shape-circle elementor-widget elementor-widget-icon\" data-id=\"314fea5\" data-element_type=\"widget\" data-widget_type=\"icon.default\">\n\t\t\t\t<div class=\"elementor-widget-container\">\n\t\t\t\t\t\t\t<div class=\"elementor-icon-wrapper\">\n\t\t\t<div class=\"elementor-icon\">\n\t\t\t<svg aria-hidden=\"true\" class=\"e-font-icon-svg e-fas-person-booth\" viewBox=\"0 0 576 512\" xmlns=\"http:\/\/www.w3.org\/2000\/svg\"><path d=\"M192 496c0 8.8 7.2 16 16 16h32c8.8 0 16-7.2 16-16V320h-64v176zm32-272h-50.9l-45.2-45.3C115.8 166.6 99.7 160 82.7 160H64c-17.1 0-33.2 6.7-45.3 18.8C6.7 190.9 0 207 0 224.1L.2 320 0 480c0 17.7 14.3 32 31.9 32 17.6 0 32-14.3 32-32l.1-100.7c.9.5 1.6 1.3 2.5 1.7l29.1 43v56c0 17.7 14.3 32 32 32s32-14.3 32-32v-56.5c0-9.9-2.3-19.8-6.7-28.6l-41.2-61.3V253l20.9 20.9c9.1 9.1 21.1 14.1 33.9 14.1H224c17.7 0 32-14.3 32-32s-14.3-32-32-32zM64 128c26.5 0 48-21.5 48-48S90.5 32 64 32 16 53.5 16 80s21.5 48 48 48zm224-96l31.5 223.1-30.9 154.6c-4.3 21.6 13 38.3 31.4 38.3 15.2 0 28-9.1 32.3-30.4.9 16.9 14.6 30.4 31.7 30.4 17.7 0 32-14.3 32-32 0 17.7 14.3 32 32 32s32-14.3 32-32V0H288v32zm-96 0v160h64V0h-32c-17.7 0-32 14.3-32 32zM544 0h-32v496c0 8.8 7.2 16 16 16h32c8.8 0 16-7.2 16-16V32c0-17.7-14.3-32-32-32z\"><\/path><\/svg>\t\t\t<\/div>\n\t\t<\/div>\n\t\t\t\t\t\t<\/div>\n\t\t\t\t<\/div>\n\t\t\t\t<\/div>\n\t\t\t\t\t<\/div>\n\t\t\t\t<\/div>\n\t\t<div class=\"elementor-element elementor-element-445eef5 e-flex e-con-boxed e-con e-parent\" data-id=\"445eef5\" data-element_type=\"container\">\n\t\t\t\t\t<div class=\"e-con-inner\">\n\t\t<div class=\"elementor-element elementor-element-fa74e11 e-con-full e-flex e-con e-child\" data-id=\"fa74e11\" data-element_type=\"container\">\n\t\t\t\t<div class=\"elementor-element elementor-element-eaf6ddb elementor-widget elementor-widget-text-editor\" data-id=\"eaf6ddb\" data-element_type=\"widget\" data-widget_type=\"text-editor.default\">\n\t\t\t\t<div class=\"elementor-widget-container\">\n\t\t\t\t\t\t\t\t\t<p><strong>\u00a0 \u00a0 \u00a0 \u00a0 \u00a0 \u00a0 \u00a0 BESLENME<\/strong><br \/><br \/><strong>Anla\u015fmal\u0131 diyetisyenimiz taraf\u0131ndan besin de\u011ferleri ve kalori hesab\u0131 dikkate al\u0131narak, g\u00fcnde \u00fc\u00e7 ana iki de ara \u00f6\u011f\u00fcn olacak \u015fekilde yemek listeleri olu\u015fturulmaktad\u0131r.<\/strong><\/p>\t\t\t\t\t\t\t\t<\/div>\n\t\t\t\t<\/div>\n\t\t\t\t<\/div>\n\t\t<div class=\"elementor-element elementor-element-2b0ef12 e-con-full e-flex e-con e-child\" data-id=\"2b0ef12\" data-element_type=\"container\">\n\t\t\t\t<div class=\"elementor-element elementor-element-6eda286 elementor-widget elementor-widget-text-editor\" data-id=\"6eda286\" data-element_type=\"widget\" data-widget_type=\"text-editor.default\">\n\t\t\t\t<div class=\"elementor-widget-container\">\n\t\t\t\t\t\t\t\t\t<p><strong>\u00a0 \u00a0 \u00a0 \u00a0 \u00a0 \u00a0 \u00a0 \u00a0 \u00a0 \u00a0 SA\u011eLIK<\/strong><\/p><p><strong>Konuklar\u0131m\u0131z\u0131n rutin sa\u011fl\u0131k kontrolleri, tedavi takibi, ila\u00e7 takibi ve kontrolleri uzman personellerimiz taraf\u0131ndan yap\u0131lmaktad\u0131r.<br \/><\/strong><\/p>\t\t\t\t\t\t\t\t<\/div>\n\t\t\t\t<\/div>\n\t\t\t\t<\/div>\n\t\t<div class=\"elementor-element elementor-element-53f97b0 e-con-full e-flex e-con e-child\" data-id=\"53f97b0\" data-element_type=\"container\">\n\t\t\t\t<div class=\"elementor-element elementor-element-1cef848 elementor-widget elementor-widget-text-editor\" data-id=\"1cef848\" data-element_type=\"widget\" data-widget_type=\"text-editor.default\">\n\t\t\t\t<div class=\"elementor-widget-container\">\n\t\t\t\t\t\t\t\t\t<p><strong>\u00a0 \u00a0 \u00a0 \u00a0 \u00a0 \u00a0 \u00a0 \u00a0 \u00a0 \u00a0 BAKIM<\/strong><\/p><p><strong>Konuklar\u0131m\u0131z\u0131n banyo ve tuvalet gibi ki\u015fisel bak\u0131mlar\u0131n\u0131 ve bulunduklar\u0131 ortamlar\u0131n d\u00fczenli olarak temizli\u011fi personellerimiz taraf\u0131ndan yap\u0131lmaktad\u0131r.<\/strong><\/p>\t\t\t\t\t\t\t\t<\/div>\n\t\t\t\t<\/div>\n\t\t\t\t<\/div>\n\t\t<div class=\"elementor-element elementor-element-06366af e-con-full e-flex e-con e-child\" data-id=\"06366af\" data-element_type=\"container\">\n\t\t\t\t<div class=\"elementor-element elementor-element-6567b03 elementor-widget elementor-widget-text-editor\" data-id=\"6567b03\" data-element_type=\"widget\" data-widget_type=\"text-editor.default\">\n\t\t\t\t<div class=\"elementor-widget-container\">\n\t\t\t\t\t\t\t\t\t<p><strong>\u00a0 \u00a0 \u00a0 \u00a0 \u00a0 \u00a0 PS\u0130KOSOSYAL<br \/><br \/>Engelli Bak\u0131m Merkezi\u2019mizde biri Sorumlu M\u00fcd\u00fcr olmak \u00fczere iki Psikolog hizmet vermektedir. Psikososyal hizmetler i\u00e7erisinde; bireylerin psikososyal becerilerinin geli\u015fimini hedefleyen \u00e7e\u015fitli etkinliklerin y\u00fcr\u00fct\u00fclmesi, grup terapileri, periyodik olarak ger\u00e7ekle\u015ftirilen bireysel g\u00f6r\u00fc\u015fme ve mesleki \u00e7al\u0131\u015fmalar, kurum d\u0131\u015f\u0131 faaliyetlerin d\u00fczenlenerek ger\u00e7ekle\u015ftirilmesi yer almaktad\u0131r.<\/strong><\/p>\t\t\t\t\t\t\t\t<\/div>\n\t\t\t\t<\/div>\n\t\t\t\t<\/div>\n\t\t\t\t\t<\/div>\n\t\t\t\t<\/div>\n\t\t\t\t<\/div>\n\t\t","protected":false},"excerpt":{"rendered":"<p>Hizmetlerimiz Hakk\u0131nda Detaylar \u00a0 \u00a0 \u00a0 \u00a0 \u00a0 \u00a0 \u00a0 BESLENME Anla\u015fmal\u0131 diyetisyenimiz taraf\u0131ndan besin de\u011ferleri ve kalori hesab\u0131 dikkate al\u0131narak, g\u00fcnde \u00fc\u00e7 ana iki de ara \u00f6\u011f\u00fcn olacak \u015fekilde yemek listeleri olu\u015fturulmaktad\u0131r. \u00a0 \u00a0 \u00a0 \u00a0 \u00a0 \u00a0 \u00a0 \u00a0 \u00a0 \u00a0 SA\u011eLIK Konuklar\u0131m\u0131z\u0131n rutin sa\u011fl\u0131k kontrolleri, tedavi takibi, ila\u00e7 takibi ve kontrolleri uzman [&hellip;]<\/p>\n","protected":false},"author":1,"featured_media":0,"parent":0,"menu_order":0,"comment_status":"closed","ping_status":"closed","template":"","meta":{"footnotes":""},"class_list":["post-42","page","type-page","status-publish","hentry"],"_links":{"self":[{"href":"https:\/\/akmanbakim.com\/index.php\/wp-json\/wp\/v2\/pages\/42","targetHints":{"allow":["GET"]}}],"collection":[{"href":"https:\/\/akmanbakim.com\/index.php\/wp-json\/wp\/v2\/pages"}],"about":[{"href":"https:\/\/akmanbakim.com\/index.php\/wp-json\/wp\/v2\/types\/page"}],"author":[{"embeddable":true,"href":"https:\/\/akmanbakim.com\/index.php\/wp-json\/wp\/v2\/users\/1"}],"replies":[{"embeddable":true,"href":"https:\/\/akmanbakim.com\/index.php\/wp-json\/wp\/v2\/comments?post=42"}],"version-history":[{"count":7,"href":"https:\/\/akmanbakim.com\/index.php\/wp-json\/wp\/v2\/pages\/42\/revisions"}],"predecessor-version":[{"id":157,"href":"https:\/\/akmanbakim.com\/index.php\/wp-json\/wp\/v2\/pages\/42\/revisions\/157"}],"wp:attachment":[{"href":"https:\/\/akmanbakim.com\/index.php\/wp-json\/wp\/v2\/media?parent=42"}],"curies":[{"name":"wp","href":"https:\/\/api.w.org\/{rel}","templated":true}]}}