{"id":113,"date":"2025-05-27T21:47:19","date_gmt":"2025-05-27T18:47:19","guid":{"rendered":"https:\/\/akmanbakim.com\/?page_id=113"},"modified":"2025-05-27T22:12:28","modified_gmt":"2025-05-27T19:12:28","slug":"misyon","status":"publish","type":"page","link":"https:\/\/akmanbakim.com\/index.php\/misyon\/","title":{"rendered":"Misyon"},"content":{"rendered":"\t\t<div data-elementor-type=\"wp-page\" data-elementor-id=\"113\" class=\"elementor elementor-113\">\n\t\t\t\t<div class=\"elementor-element elementor-element-c5b5d5c e-flex e-con-boxed e-con e-parent\" data-id=\"c5b5d5c\" data-element_type=\"container\">\n\t\t\t\t\t<div class=\"e-con-inner\">\n\t\t\t\t<div class=\"elementor-element elementor-element-6d493fe elementor-widget elementor-widget-text-editor\" data-id=\"6d493fe\" data-element_type=\"widget\" data-widget_type=\"text-editor.default\">\n\t\t\t\t<div class=\"elementor-widget-container\">\n\t\t\t\t\t\t\t\t\t<p><strong>\u00a0 \u00a0 \u00a0 \u00a0 \u00a0 \u00a0 \u00a0 \u00a0 \u00a0 \u00a0 \u00a0 \u00a0 \u00a0 \u00a0 \u00a0 \u00a0 \u00a0 \u00a0 \u00a0 \u00a0 \u00a0 \u00a0 \u00a0 \u00a0 \u00a0 \u00a0 \u00a0 \u00a0 \u00a0 \u00a0 \u00a0 \u00a0 \u00a0 \u00a0 \u00a0 \u00a0 \u00a0 \u00a0 \u00a0 \u00a0 \u00a0 \u00a0 \u00a0 \u00a0 \u00a0 \u00a0 \u00a0 \u00a0 \u00a0 \u00a0 \u00a0 \u00a0 M\u0130SYONUMUZ<\/strong><\/p>\t\t\t\t\t\t\t\t<\/div>\n\t\t\t\t<\/div>\n\t\t\t\t\t<\/div>\n\t\t\t\t<\/div>\n\t\t<div class=\"elementor-element elementor-element-d664495 e-flex e-con-boxed e-con e-parent\" data-id=\"d664495\" data-element_type=\"container\">\n\t\t\t\t\t<div class=\"e-con-inner\">\n\t\t<div class=\"elementor-element elementor-element-b121674 e-con-full e-flex e-con e-child\" data-id=\"b121674\" data-element_type=\"container\">\n\t\t\t\t<div class=\"elementor-element elementor-element-1914db4 elementor-widget elementor-widget-image\" data-id=\"1914db4\" data-element_type=\"widget\" data-widget_type=\"image.default\">\n\t\t\t\t<div class=\"elementor-widget-container\">\n\t\t\t\t\t\t\t\t\t\t\t\t\t\t\t<img fetchpriority=\"high\" decoding=\"async\" width=\"1024\" height=\"768\" src=\"https:\/\/akmanbakim.com\/wp-content\/uploads\/2025\/05\/a41c1de6-2398-48be-ba4c-b9f64ed389f9-1-1024x768.jpg\" class=\"attachment-large size-large wp-image-69\" alt=\"\" srcset=\"https:\/\/akmanbakim.com\/wp-content\/uploads\/2025\/05\/a41c1de6-2398-48be-ba4c-b9f64ed389f9-1-1024x768.jpg 1024w, https:\/\/akmanbakim.com\/wp-content\/uploads\/2025\/05\/a41c1de6-2398-48be-ba4c-b9f64ed389f9-1-300x225.jpg 300w, https:\/\/akmanbakim.com\/wp-content\/uploads\/2025\/05\/a41c1de6-2398-48be-ba4c-b9f64ed389f9-1-768x576.jpg 768w, https:\/\/akmanbakim.com\/wp-content\/uploads\/2025\/05\/a41c1de6-2398-48be-ba4c-b9f64ed389f9-1-1536x1152.jpg 1536w, https:\/\/akmanbakim.com\/wp-content\/uploads\/2025\/05\/a41c1de6-2398-48be-ba4c-b9f64ed389f9-1.jpg 1600w\" sizes=\"(max-width: 1024px) 100vw, 1024px\" \/>\t\t\t\t\t\t\t\t\t\t\t\t\t\t\t<\/div>\n\t\t\t\t<\/div>\n\t\t\t\t<\/div>\n\t\t<div class=\"elementor-element elementor-element-4c05e45 e-con-full e-flex e-con e-child\" data-id=\"4c05e45\" data-element_type=\"container\">\n\t\t\t\t<div class=\"elementor-element elementor-element-9d05c6d elementor-widget elementor-widget-text-editor\" data-id=\"9d05c6d\" data-element_type=\"widget\" data-widget_type=\"text-editor.default\">\n\t\t\t\t<div class=\"elementor-widget-container\">\n\t\t\t\t\t\t\t\t\t<p>Kurulu\u015fumuz; Aile ve Sosyal Politikalar \u0130l M\u00fcd\u00fcrl\u00fc\u011f\u00fc taraf\u0131ndan onaylar\u0131 verilmi\u015f, bak\u0131m ihtiyac\u0131 olan engelleri bireylerin, bak\u0131m, sa\u011fl\u0131k, ya\u015fama kat\u0131l\u0131m ve g\u00fcvenlik ihtiya\u00e7lar\u0131n\u0131 kar\u015f\u0131lamak i\u00e7in; personelimiz ve engellilerimiz ile bir aile ortam\u0131 i\u00e7erisinde huzurlu ve sa\u011fl\u0131kl\u0131 bir ortamda yasal mevzuat \u015fartlar\u0131na ba\u011fl\u0131 kalarak zihinsel, ruhsal, bedensel bak\u0131m hizmetlerini, insani de\u011ferleri en \u00f6nde tutarak ger\u00e7ekle\u015ftiren sosyal bir kurulu\u015ftur.<\/p>\t\t\t\t\t\t\t\t<\/div>\n\t\t\t\t<\/div>\n\t\t\t\t<\/div>\n\t\t\t\t\t<\/div>\n\t\t\t\t<\/div>\n\t\t\t\t<\/div>\n\t\t","protected":false},"excerpt":{"rendered":"<p>\u00a0 \u00a0 \u00a0 \u00a0 \u00a0 \u00a0 \u00a0 \u00a0 \u00a0 \u00a0 \u00a0 \u00a0 \u00a0 \u00a0 \u00a0 \u00a0 \u00a0 \u00a0 \u00a0 \u00a0 \u00a0 \u00a0 \u00a0 \u00a0 \u00a0 \u00a0 \u00a0 \u00a0 \u00a0 \u00a0 \u00a0 \u00a0 \u00a0 \u00a0 \u00a0 \u00a0 \u00a0 \u00a0 \u00a0 \u00a0 \u00a0 \u00a0 \u00a0 \u00a0 \u00a0 \u00a0 \u00a0 \u00a0 \u00a0 \u00a0 \u00a0 \u00a0 M\u0130SYONUMUZ Kurulu\u015fumuz; Aile [&hellip;]<\/p>\n","protected":false},"author":1,"featured_media":0,"parent":0,"menu_order":0,"comment_status":"closed","ping_status":"closed","template":"","meta":{"footnotes":""},"class_list":["post-113","page","type-page","status-publish","hentry"],"_links":{"self":[{"href":"https:\/\/akmanbakim.com\/index.php\/wp-json\/wp\/v2\/pages\/113","targetHints":{"allow":["GET"]}}],"collection":[{"href":"https:\/\/akmanbakim.com\/index.php\/wp-json\/wp\/v2\/pages"}],"about":[{"href":"https:\/\/akmanbakim.com\/index.php\/wp-json\/wp\/v2\/types\/page"}],"author":[{"embeddable":true,"href":"https:\/\/akmanbakim.com\/index.php\/wp-json\/wp\/v2\/users\/1"}],"replies":[{"embeddable":true,"href":"https:\/\/akmanbakim.com\/index.php\/wp-json\/wp\/v2\/comments?post=113"}],"version-history":[{"count":4,"href":"https:\/\/akmanbakim.com\/index.php\/wp-json\/wp\/v2\/pages\/113\/revisions"}],"predecessor-version":[{"id":137,"href":"https:\/\/akmanbakim.com\/index.php\/wp-json\/wp\/v2\/pages\/113\/revisions\/137"}],"wp:attachment":[{"href":"https:\/\/akmanbakim.com\/index.php\/wp-json\/wp\/v2\/media?parent=113"}],"curies":[{"name":"wp","href":"https:\/\/api.w.org\/{rel}","templated":true}]}}