{"id":112,"date":"2025-05-27T21:47:19","date_gmt":"2025-05-27T18:47:19","guid":{"rendered":"https:\/\/akmanbakim.com\/?page_id=112"},"modified":"2025-05-27T22:04:53","modified_gmt":"2025-05-27T19:04:53","slug":"vizyon","status":"publish","type":"page","link":"https:\/\/akmanbakim.com\/index.php\/vizyon\/","title":{"rendered":"Vizyon"},"content":{"rendered":"\t\t<div data-elementor-type=\"wp-page\" data-elementor-id=\"112\" class=\"elementor elementor-112\">\n\t\t\t\t<div class=\"elementor-element elementor-element-364a529 e-flex e-con-boxed e-con e-parent\" data-id=\"364a529\" data-element_type=\"container\">\n\t\t\t\t\t<div class=\"e-con-inner\">\n\t\t\t\t<div class=\"elementor-element elementor-element-b689426 elementor-widget elementor-widget-text-editor\" data-id=\"b689426\" data-element_type=\"widget\" data-widget_type=\"text-editor.default\">\n\t\t\t\t<div class=\"elementor-widget-container\">\n\t\t\t\t\t\t\t\t\t<p>\u00a0 \u00a0 \u00a0 \u00a0 \u00a0 \u00a0 \u00a0 \u00a0 \u00a0 \u00a0 \u00a0 \u00a0 \u00a0 \u00a0 \u00a0 \u00a0 \u00a0 \u00a0 \u00a0 \u00a0 \u00a0 \u00a0 \u00a0 \u00a0 \u00a0 \u00a0 \u00a0 \u00a0 \u00a0 \u00a0 \u00a0 \u00a0 \u00a0 \u00a0 \u00a0 \u00a0 \u00a0 \u00a0 \u00a0 \u00a0 \u00a0 \u00a0 \u00a0 \u00a0 \u00a0 \u00a0 \u00a0 \u00a0 \u00a0 \u00a0 \u00a0 \u00a0 <strong>\u00a0V\u0130ZYONUMUZ<\/strong><\/p>\t\t\t\t\t\t\t\t<\/div>\n\t\t\t\t<\/div>\n\t\t\t\t\t<\/div>\n\t\t\t\t<\/div>\n\t\t<div class=\"elementor-element elementor-element-e887d8b e-flex e-con-boxed e-con e-parent\" data-id=\"e887d8b\" data-element_type=\"container\">\n\t\t\t\t\t<div class=\"e-con-inner\">\n\t\t<div class=\"elementor-element elementor-element-583edc7 e-con-full e-flex e-con e-child\" data-id=\"583edc7\" data-element_type=\"container\">\n\t\t\t\t<div class=\"elementor-element elementor-element-f068417 elementor-widget elementor-widget-image\" data-id=\"f068417\" data-element_type=\"widget\" data-widget_type=\"image.default\">\n\t\t\t\t<div class=\"elementor-widget-container\">\n\t\t\t\t\t\t\t\t\t\t\t\t\t\t\t<img fetchpriority=\"high\" decoding=\"async\" width=\"1024\" height=\"768\" src=\"https:\/\/akmanbakim.com\/wp-content\/uploads\/2025\/05\/a41c1de6-2398-48be-ba4c-b9f64ed389f9-1-1024x768.jpg\" class=\"attachment-large size-large wp-image-69\" alt=\"\" srcset=\"https:\/\/akmanbakim.com\/wp-content\/uploads\/2025\/05\/a41c1de6-2398-48be-ba4c-b9f64ed389f9-1-1024x768.jpg 1024w, https:\/\/akmanbakim.com\/wp-content\/uploads\/2025\/05\/a41c1de6-2398-48be-ba4c-b9f64ed389f9-1-300x225.jpg 300w, https:\/\/akmanbakim.com\/wp-content\/uploads\/2025\/05\/a41c1de6-2398-48be-ba4c-b9f64ed389f9-1-768x576.jpg 768w, https:\/\/akmanbakim.com\/wp-content\/uploads\/2025\/05\/a41c1de6-2398-48be-ba4c-b9f64ed389f9-1-1536x1152.jpg 1536w, https:\/\/akmanbakim.com\/wp-content\/uploads\/2025\/05\/a41c1de6-2398-48be-ba4c-b9f64ed389f9-1.jpg 1600w\" sizes=\"(max-width: 1024px) 100vw, 1024px\" \/>\t\t\t\t\t\t\t\t\t\t\t\t\t\t\t<\/div>\n\t\t\t\t<\/div>\n\t\t\t\t<\/div>\n\t\t<div class=\"elementor-element elementor-element-b56a000 e-con-full e-flex e-con e-child\" data-id=\"b56a000\" data-element_type=\"container\">\n\t\t\t\t<div class=\"elementor-element elementor-element-e05b5a4 elementor-widget elementor-widget-text-editor\" data-id=\"e05b5a4\" data-element_type=\"widget\" data-widget_type=\"text-editor.default\">\n\t\t\t\t<div class=\"elementor-widget-container\">\n\t\t\t\t\t\t\t\t\t<p>S\u00fcrekli iyile\u015ftirme kapsam\u0131nda \u00f6ncelikle b\u00f6lgesel alanda tercih edilen bir bak\u0131m merkezi olabilmek i\u00e7in; gerekli yat\u0131r\u0131m ve planlamalar\u0131 yapan,\u00a0 engellileri topluma kazand\u0131rmak i\u00e7in yapt\u0131\u011f\u0131 faaliyetlerle di\u011fer bak\u0131m merkezlerine \u00f6rnek olan, en yeni teknolojileri kullanarak altyap\u0131s\u0131n\u0131 modernize eden, marka de\u011ferlerini s\u00fcrekli koruyan, son geli\u015fmeleri takip eden bir kurulu\u015f olmak.<\/p><p><strong>\u00d6zel Akman Bak\u0131m Merkezi<\/strong><\/p>\t\t\t\t\t\t\t\t<\/div>\n\t\t\t\t<\/div>\n\t\t\t\t<\/div>\n\t\t\t\t\t<\/div>\n\t\t\t\t<\/div>\n\t\t\t\t<\/div>\n\t\t","protected":false},"excerpt":{"rendered":"<p>\u00a0 \u00a0 \u00a0 \u00a0 \u00a0 \u00a0 \u00a0 \u00a0 \u00a0 \u00a0 \u00a0 \u00a0 \u00a0 \u00a0 \u00a0 \u00a0 \u00a0 \u00a0 \u00a0 \u00a0 \u00a0 \u00a0 \u00a0 \u00a0 \u00a0 \u00a0 \u00a0 \u00a0 \u00a0 \u00a0 \u00a0 \u00a0 \u00a0 \u00a0 \u00a0 \u00a0 \u00a0 \u00a0 \u00a0 \u00a0 \u00a0 \u00a0 \u00a0 \u00a0 \u00a0 \u00a0 \u00a0 \u00a0 \u00a0 \u00a0 \u00a0 \u00a0 \u00a0V\u0130ZYONUMUZ S\u00fcrekli iyile\u015ftirme [&hellip;]<\/p>\n","protected":false},"author":1,"featured_media":0,"parent":0,"menu_order":0,"comment_status":"closed","ping_status":"closed","template":"","meta":{"footnotes":""},"class_list":["post-112","page","type-page","status-publish","hentry"],"_links":{"self":[{"href":"https:\/\/akmanbakim.com\/index.php\/wp-json\/wp\/v2\/pages\/112","targetHints":{"allow":["GET"]}}],"collection":[{"href":"https:\/\/akmanbakim.com\/index.php\/wp-json\/wp\/v2\/pages"}],"about":[{"href":"https:\/\/akmanbakim.com\/index.php\/wp-json\/wp\/v2\/types\/page"}],"author":[{"embeddable":true,"href":"https:\/\/akmanbakim.com\/index.php\/wp-json\/wp\/v2\/users\/1"}],"replies":[{"embeddable":true,"href":"https:\/\/akmanbakim.com\/index.php\/wp-json\/wp\/v2\/comments?post=112"}],"version-history":[{"count":4,"href":"https:\/\/akmanbakim.com\/index.php\/wp-json\/wp\/v2\/pages\/112\/revisions"}],"predecessor-version":[{"id":131,"href":"https:\/\/akmanbakim.com\/index.php\/wp-json\/wp\/v2\/pages\/112\/revisions\/131"}],"wp:attachment":[{"href":"https:\/\/akmanbakim.com\/index.php\/wp-json\/wp\/v2\/media?parent=112"}],"curies":[{"name":"wp","href":"https:\/\/api.w.org\/{rel}","templated":true}]}}