{"id":107,"date":"2025-05-27T21:45:01","date_gmt":"2025-05-27T18:45:01","guid":{"rendered":"https:\/\/akmanbakim.com\/?page_id=107"},"modified":"2025-05-27T22:06:03","modified_gmt":"2025-05-27T19:06:03","slug":"hakkimizda","status":"publish","type":"page","link":"https:\/\/akmanbakim.com\/index.php\/hakkimizda\/","title":{"rendered":"Hakk\u0131m\u0131zda"},"content":{"rendered":"\t\t<div data-elementor-type=\"wp-page\" data-elementor-id=\"107\" class=\"elementor elementor-107\">\n\t\t\t\t<div class=\"elementor-element elementor-element-59cff20 e-flex e-con-boxed e-con e-parent\" data-id=\"59cff20\" data-element_type=\"container\">\n\t\t\t\t\t<div class=\"e-con-inner\">\n\t\t<div class=\"elementor-element elementor-element-3f1e212 e-con-full e-flex e-con e-child\" data-id=\"3f1e212\" data-element_type=\"container\">\n\t\t\t\t<div class=\"elementor-element elementor-element-0c04a2a elementor-widget elementor-widget-image\" data-id=\"0c04a2a\" data-element_type=\"widget\" data-widget_type=\"image.default\">\n\t\t\t\t<div class=\"elementor-widget-container\">\n\t\t\t\t\t\t\t\t\t\t\t\t\t\t\t<img fetchpriority=\"high\" decoding=\"async\" width=\"1024\" height=\"768\" src=\"https:\/\/akmanbakim.com\/wp-content\/uploads\/2025\/05\/a41c1de6-2398-48be-ba4c-b9f64ed389f9-1-1024x768.jpg\" class=\"attachment-large size-large wp-image-69\" alt=\"\" srcset=\"https:\/\/akmanbakim.com\/wp-content\/uploads\/2025\/05\/a41c1de6-2398-48be-ba4c-b9f64ed389f9-1-1024x768.jpg 1024w, https:\/\/akmanbakim.com\/wp-content\/uploads\/2025\/05\/a41c1de6-2398-48be-ba4c-b9f64ed389f9-1-300x225.jpg 300w, https:\/\/akmanbakim.com\/wp-content\/uploads\/2025\/05\/a41c1de6-2398-48be-ba4c-b9f64ed389f9-1-768x576.jpg 768w, https:\/\/akmanbakim.com\/wp-content\/uploads\/2025\/05\/a41c1de6-2398-48be-ba4c-b9f64ed389f9-1-1536x1152.jpg 1536w, https:\/\/akmanbakim.com\/wp-content\/uploads\/2025\/05\/a41c1de6-2398-48be-ba4c-b9f64ed389f9-1.jpg 1600w\" sizes=\"(max-width: 1024px) 100vw, 1024px\" \/>\t\t\t\t\t\t\t\t\t\t\t\t\t\t\t<\/div>\n\t\t\t\t<\/div>\n\t\t\t\t<\/div>\n\t\t<div class=\"elementor-element elementor-element-f2b8db2 e-con-full e-flex e-con e-child\" data-id=\"f2b8db2\" data-element_type=\"container\">\n\t\t\t\t<div class=\"elementor-element elementor-element-4318498 elementor-widget elementor-widget-text-editor\" data-id=\"4318498\" data-element_type=\"widget\" data-widget_type=\"text-editor.default\">\n\t\t\t\t<div class=\"elementor-widget-container\">\n\t\t\t\t\t\t\t\t\t<p><strong>\u00d6zel Akman Bak\u0131m Merkezi<br \/><br \/><\/strong><\/p><p>\u00d6zel Akman Bak\u0131m Merkezi olarak ruhsal engelli bireylerin bak\u0131m\u0131 ve desteklenmesi i\u00e7in bireysel ihtiya\u00e7lar\u0131na uygun hizmetler sunarak onlar\u0131n topluma entegrasyonunu kolayla\u015ft\u0131rmaya ve ya\u015fam kalitelerini artt\u0131rmaya y\u00f6nelik hizmet vermekteyiz.<\/p>\t\t\t\t\t\t\t\t<\/div>\n\t\t\t\t<\/div>\n\t\t\t\t<\/div>\n\t\t\t\t\t<\/div>\n\t\t\t\t<\/div>\n\t\t<div class=\"elementor-element elementor-element-d9ff0a3 e-flex e-con-boxed e-con e-parent\" data-id=\"d9ff0a3\" data-element_type=\"container\">\n\t\t\t\t\t<div class=\"e-con-inner\">\n\t\t\t\t<div class=\"elementor-element elementor-element-1f8c05b elementor-align-center elementor-widget elementor-widget-button\" data-id=\"1f8c05b\" data-element_type=\"widget\" data-widget_type=\"button.default\">\n\t\t\t\t<div class=\"elementor-widget-container\">\n\t\t\t\t\t\t\t\t\t<div class=\"elementor-button-wrapper\">\n\t\t\t\t\t<a class=\"elementor-button elementor-button-link elementor-size-sm\" href=\"https:\/\/akmanbakim.com\/index.php\/iletisim\/\">\n\t\t\t\t\t\t<span class=\"elementor-button-content-wrapper\">\n\t\t\t\t\t\t<span class=\"elementor-button-icon\">\n\t\t\t\t<svg aria-hidden=\"true\" class=\"e-font-icon-svg e-far-comments\" viewBox=\"0 0 576 512\" xmlns=\"http:\/\/www.w3.org\/2000\/svg\"><path d=\"M532 386.2c27.5-27.1 44-61.1 44-98.2 0-80-76.5-146.1-176.2-157.9C368.3 72.5 294.3 32 208 32 93.1 32 0 103.6 0 192c0 37 16.5 71 44 98.2-15.3 30.7-37.3 54.5-37.7 54.9-6.3 6.7-8.1 16.5-4.4 25 3.6 8.5 12 14 21.2 14 53.5 0 96.7-20.2 125.2-38.8 9.2 2.1 18.7 3.7 28.4 4.9C208.1 407.6 281.8 448 368 448c20.8 0 40.8-2.4 59.8-6.8C456.3 459.7 499.4 480 553 480c9.2 0 17.5-5.5 21.2-14 3.6-8.5 1.9-18.3-4.4-25-.4-.3-22.5-24.1-37.8-54.8zm-392.8-92.3L122.1 305c-14.1 9.1-28.5 16.3-43.1 21.4 2.7-4.7 5.4-9.7 8-14.8l15.5-31.1L77.7 256C64.2 242.6 48 220.7 48 192c0-60.7 73.3-112 160-112s160 51.3 160 112-73.3 112-160 112c-16.5 0-33-1.9-49-5.6l-19.8-4.5zM498.3 352l-24.7 24.4 15.5 31.1c2.6 5.1 5.3 10.1 8 14.8-14.6-5.1-29-12.3-43.1-21.4l-17.1-11.1-19.9 4.6c-16 3.7-32.5 5.6-49 5.6-54 0-102.2-20.1-131.3-49.7C338 339.5 416 272.9 416 192c0-3.4-.4-6.7-.7-10C479.7 196.5 528 238.8 528 288c0 28.7-16.2 50.6-29.7 64z\"><\/path><\/svg>\t\t\t<\/span>\n\t\t\t\t\t\t\t\t\t<span class=\"elementor-button-text\">\u0130LET\u0130\u015e\u0130M<\/span>\n\t\t\t\t\t<\/span>\n\t\t\t\t\t<\/a>\n\t\t\t\t<\/div>\n\t\t\t\t\t\t\t\t<\/div>\n\t\t\t\t<\/div>\n\t\t\t\t\t<\/div>\n\t\t\t\t<\/div>\n\t\t\t\t<\/div>\n\t\t","protected":false},"excerpt":{"rendered":"<p>\u00d6zel Akman Bak\u0131m Merkezi \u00d6zel Akman Bak\u0131m Merkezi olarak ruhsal engelli bireylerin bak\u0131m\u0131 ve desteklenmesi i\u00e7in bireysel ihtiya\u00e7lar\u0131na uygun hizmetler sunarak onlar\u0131n topluma entegrasyonunu kolayla\u015ft\u0131rmaya ve ya\u015fam kalitelerini artt\u0131rmaya y\u00f6nelik hizmet vermekteyiz. \u0130LET\u0130\u015e\u0130M<\/p>\n","protected":false},"author":1,"featured_media":0,"parent":0,"menu_order":0,"comment_status":"closed","ping_status":"closed","template":"","meta":{"footnotes":""},"class_list":["post-107","page","type-page","status-publish","hentry"],"_links":{"self":[{"href":"https:\/\/akmanbakim.com\/index.php\/wp-json\/wp\/v2\/pages\/107","targetHints":{"allow":["GET"]}}],"collection":[{"href":"https:\/\/akmanbakim.com\/index.php\/wp-json\/wp\/v2\/pages"}],"about":[{"href":"https:\/\/akmanbakim.com\/index.php\/wp-json\/wp\/v2\/types\/page"}],"author":[{"embeddable":true,"href":"https:\/\/akmanbakim.com\/index.php\/wp-json\/wp\/v2\/users\/1"}],"replies":[{"embeddable":true,"href":"https:\/\/akmanbakim.com\/index.php\/wp-json\/wp\/v2\/comments?post=107"}],"version-history":[{"count":13,"href":"https:\/\/akmanbakim.com\/index.php\/wp-json\/wp\/v2\/pages\/107\/revisions"}],"predecessor-version":[{"id":134,"href":"https:\/\/akmanbakim.com\/index.php\/wp-json\/wp\/v2\/pages\/107\/revisions\/134"}],"wp:attachment":[{"href":"https:\/\/akmanbakim.com\/index.php\/wp-json\/wp\/v2\/media?parent=107"}],"curies":[{"name":"wp","href":"https:\/\/api.w.org\/{rel}","templated":true}]}}